{"id":5737,"date":"2019-10-31T22:23:02","date_gmt":"2019-10-31T22:23:02","guid":{"rendered":"http:\/\/anklaazul.com\/?page_id=5737"},"modified":"2025-12-11T13:23:16","modified_gmt":"2025-12-11T18:23:16","slug":"privacy-policy","status":"publish","type":"page","link":"https:\/\/anklaazul.com\/es\/privacy-policy\/","title":{"rendered":"Pol\u00edtica de privacidad"},"content":{"rendered":"<div class=\"et_pb_section_0 et_pb_section et_section_regular et_flex_section section_has_divider et_pb_bottom_divider\">\n<div class=\"et_pb_row_0 et_pb_row et_flex_row preset--module--divi-row--default\">\n<div class=\"et_pb_column_0 et_pb_column et_flex_column et_pb_css_mix_blend_mode_passthrough et_flex_column_3_5 et_flex_column_3_5_tablet et_flex_column_24_24_phone et_flex_column_24_24_phoneWide et_flex_column_3_5_tabletWide\">\n<div class=\"et_pb_text_0 et_pb_text et_pb_bg_layout_light et_pb_module et_block_module preset--module--divi-text--d2da5c7d-49b3-4360-bdaa-cbd953142bee\"><div class=\"et_pb_text_inner\" data-et-mv-hidden-phone=\"true\"><h1 data-start=\"203\" data-end=\"264\" style=\"text-align: center;\">Centro de Buceo Ankla Azul \u2013 Pol\u00edtica de Privacidad<\/h1>\n<p data-start=\"266\" data-end=\"490\">\n<\/div><\/div>\n\n<div class=\"et_pb_text_1 et_pb_text et_pb_bg_layout_light et_pb_module et_block_module preset--module--divi-text--3tx68shv89\"><div class=\"et_pb_text_inner\" data-et-mv-hidden-phone=\"true\"><p><span>En cumplimiento con la normativa colombiana (<\/span><span><strong>Ley 1581 de 2012<\/strong><\/span><span> y <\/span><span><strong>Decreto 1377 de 2013<\/strong><\/span><span>), el sitio web <\/span><span><a disabled=\"disabled\"><strong>www.anklaazul.com<\/strong><\/a><\/span><span> \u2014 propiedad de <\/span><span><strong>Ankla Azul<\/strong><\/span><span> \u2014 se compromete a proteger tu informaci\u00f3n personal y a garantizar la transparencia en la manera en que recopilamos, usamos y salvaguardamos tus datos. Esta Pol\u00edtica de Privacidad explica qu\u00e9 datos recopilamos, c\u00f3mo los usamos, c\u00f3mo los protegemos y cu\u00e1les son tus derechos como cliente.<\/span><\/p>\n<\/div><\/div>\n\n<div class=\"et_pb_text_2 et_pb_text et_pb_bg_layout_light et_pb_module et_block_module preset--module--divi-text--3tx68shv89\"><div class=\"et_pb_text_inner\" data-et-mv-hidden-phone=\"true\"><h3 style=\"text-align: left;\"><span><strong>1. Informaci\u00f3n que recopilamos<\/strong><\/span><\/h3>\n<p style=\"text-align: left;\"><span>Cuando reservas o participas en nuestras actividades, podemos recopilar la siguiente informaci\u00f3n:<\/span><\/p>\n<ul data-spread=\"false\" style=\"text-align: left;\">\n<li>\n<p><span>Nombre completo y datos de contacto (tel\u00e9fono, correo electr\u00f3nico, direcci\u00f3n).<\/span><\/p>\n<\/li>\n<li>\n<p><span>Informaci\u00f3n de contacto de emergencia.<\/span><\/p>\n<\/li>\n<li>\n<p><span>Datos de salud y m\u00e9dicos relevantes para el buceo.<\/span><\/p>\n<\/li>\n<li>\n<p><span>Informaci\u00f3n sobre certificaciones y experiencia en buceo (si aplica).<\/span><\/p>\n<\/li>\n<li>\n<p><span>Tallas de equipo para un ajuste adecuado del material.<\/span><\/p>\n<\/li>\n<li>\n<p><span>Fecha de nacimiento.<\/span><\/p>\n<\/li>\n<li>\n<p><span>N\u00famero de identificaci\u00f3n oficial o pasaporte (requerido para fines de seguro).<\/span><\/p>\n<\/li>\n<\/ul>\n<div contenteditable=\"false\" style=\"text-align: left;\">\n<hr \/>\n<\/div>\n<h3 style=\"text-align: left;\"><span><strong>C\u00f3mo usamos tu informaci\u00f3n<\/strong><\/span><\/h3>\n<p style=\"text-align: left;\"><span>Tu informaci\u00f3n se recopila y utiliza \u00fanicamente para:<\/span><\/p>\n<ul data-spread=\"false\" style=\"text-align: left;\">\n<li>\n<p><span><strong>Reservas:<\/strong><\/span><span>Para confirmar, organizar y gestionar tu reserva.<\/span><\/p>\n<\/li>\n<li>\n<p><span><strong>Comunicaci\u00f3n:<\/strong><\/span><span>Para contactarte sobre tu buceo, actualizaciones o cambios.<\/span><\/p>\n<\/li>\n<li>\n<p><span><strong>Seguridad:<\/strong><\/span><span>Para garantizar pr\u00e1cticas de buceo seguras y responder en caso de emergencia.<\/span><\/p>\n<\/li>\n<li>\n<p><span><strong>Registros:<\/strong><\/span><span>Para cumplir con los requisitos de seguros y normativos.<\/span><\/p>\n<\/li>\n<\/ul>\n<div contenteditable=\"false\" style=\"text-align: left;\">\n<hr \/>\n<\/div>\n<h3 style=\"text-align: left;\"><span><strong>3. Fotos &amp; Videos<\/strong><\/span><\/h3>\n<ul data-spread=\"false\" style=\"text-align: left;\">\n<li>\n<p><span>Durante tu experiencia de buceo, nuestro equipo puede tomar <\/span><span><strong>fotos y videos<\/strong><\/span><span> para ti. Las copias editadas se comparten contigo como parte de tu experiencia de buceo.<\/span><\/p>\n<\/li>\n<li>\n<p><span>Tambi\u00e9n podemos usar algunas fotos o videos seleccionados en nuestras <\/span><span><strong>redes sociales y materiales de marketing<\/strong><\/span><span> para mostrar la belleza del buceo en Bah\u00eda Solano.<\/span><\/p>\n<\/li>\n<li>\n<p><span>Si prefieres que tus im\u00e1genes no se utilicen p\u00fablicamente, puedes solicitar <\/span><span><strong>su eliminaci\u00f3n<\/strong><\/span><span> o excluirte en cualquier momento, y respetaremos tu decisi\u00f3n.<\/span><\/p>\n<\/li>\n<\/ul>\n<div contenteditable=\"false\" style=\"text-align: left;\">\n<hr \/>\n<\/div>\n<h3 style=\"text-align: left;\"><span><strong>4. Protecci\u00f3n de Datos<\/strong><\/span><\/h3>\n<p style=\"text-align: left;\"><span>Nos tomamos la seguridad de tu informaci\u00f3n muy en serio.<\/span><\/p>\n<ul data-spread=\"false\" style=\"text-align: left;\">\n<li>\n<p><span>Todos los datos se almacenan de manera segura <\/span><span><strong>con acceso restringido<\/strong><\/span><span> \u00fanicamente al personal autorizado.<\/span><\/p>\n<\/li>\n<li>\n<p><span>Utilizamos medidas de protecci\u00f3n f\u00edsicas y digitales apropiadas para prevenir el acceso no autorizado, la p\u00e9rdida o el uso indebido.<\/span><\/p>\n<\/li>\n<\/ul>\n<div contenteditable=\"false\" style=\"text-align: left;\">\n<hr \/>\n<\/div>\n<h3 style=\"text-align: left;\"><span><strong>5. Tus Derechos<\/strong><\/span><\/h3>\n<p style=\"text-align: left;\"><span>De acuerdo con la ley colombiana, tienes derecho a:<\/span><\/p>\n<ul data-spread=\"false\" style=\"text-align: left;\">\n<li>\n<p><span><strong>Acceder<\/strong><\/span><span> a los datos personales que tenemos sobre ti.<\/span><\/p>\n<\/li>\n<li>\n<p><span><strong>Solicitar la correcci\u00f3n<\/strong><\/span><span> de datos inexactos o incompletos.<\/span><\/p>\n<\/li>\n<li>\n<p><span><strong>Solicitar la eliminaci\u00f3n<\/strong><\/span><span> de tus datos, excepto cuando estemos legalmente obligados a conservar registros.<\/span><\/p>\n<\/li>\n<\/ul>\n<p style=\"text-align: left;\"><span>\u26a0\ufe0f <\/span><span><strong>Importante:<\/strong><\/span><span>Por motivos de seguridad y legales, ciertos documentos \u2014incluyendo exoneraciones de responsabilidad, liberaciones de responsabilidad y registros relacionados con seguros\u2014 deben ser conservados por Ankla Azul por un m\u00ednimo de <\/span><span><strong>10 a\u00f1os<\/strong><\/span><span> y no pueden ser eliminados antes de ese per\u00edodo.<\/span><\/p>\n<\/div><\/div>\n<\/div>\n\n<div class=\"et_pb_column_1 et_pb_column et-last-child et_flex_column et_pb_css_mix_blend_mode_passthrough et_flex_column_2_5 et_flex_column_2_5_tablet et_flex_column_24_24_phone et_flex_column_24_24_phoneWide et_flex_column_2_5_tabletWide\">\n<div class=\"et_pb_image_0 et_pb_image et_animated et_pb_module et_block_module preset--module--divi-image--default\"><span class=\"et_pb_image_wrap\"><img decoding=\"async\" src=\"https:\/\/anklaazul.com\/wp-content\/uploads\/2024\/12\/1.png\" alt=\"Ankla Azul Logo\" width=\"1500\" height=\"1500\" srcset=\"https:\/\/anklaazul.com\/wp-content\/uploads\/2024\/12\/1.png 1500w, https:\/\/anklaazul.com\/wp-content\/uploads\/2024\/12\/1-1280x1280.png 1280w, https:\/\/anklaazul.com\/wp-content\/uploads\/2024\/12\/1-980x980.png 980w, https:\/\/anklaazul.com\/wp-content\/uploads\/2024\/12\/1-480x480.png 480w\" sizes=\"(min-width: 0px) and (max-width: 480px) 480px, (min-width: 481px) and (max-width: 980px) 980px, (min-width: 981px) and (max-width: 1280px) 1280px, (min-width: 1281px) 1500px, 100vw\" class=\"wp-image-372136\" \/><\/span><\/div>\n<\/div>\n<\/div>\n\n<div class=\"et_pb_row_1 et_pb_row et_pb_equal_columns et_pb_gutters2 et_block_row preset--module--divi-row--default\">\n<div class=\"et_pb_column_2 et_pb_column et_pb_column_4_4 et-last-child et_block_column et_pb_css_mix_blend_mode_passthrough\">\n<div class=\"et_pb_text_3 et_pb_text et_pb_bg_layout_light et_pb_module et_block_module preset--module--divi-text--efokf8vg5e\"><div class=\"et_pb_text_inner\"><h2 style=\"text-align: center;\">Cont\u00e1ctanos<\/h2>\n<\/div><\/div>\n\n<div class=\"et_pb_text_4 et_pb_text et_pb_bg_layout_light et_pb_module et_block_module preset--module--divi-text--3tx68shv89\"><div class=\"et_pb_text_inner\"><p data-start=\"169\" data-end=\"378\" style=\"text-align: center;\"><span>Si tienes alguna pregunta sobre esta Pol\u00edtica de Privacidad o tus datos, por favor cont\u00e1ctanos directamente v\u00eda <\/span><span><strong>WhatsApp<\/strong><\/span><\/p>\n<\/div><\/div>\n\n<div class=\"et_pb_module et_pb_button_module_wrapper et_pb_button_0_wrapper preset--module--divi-button--oeeauljcit_wrapper\"><a class=\"et_pb_button_0 et_pb_button et_pb_bg_layout_light et_pb_module et_block_module preset--module--divi-button--oeeauljcit\" href=\"https:\/\/wa.me\/573112811079\" data-icon=\"\uf232\">Chatea en WhatsApp<\/a><\/div>\n<\/div>\n<\/div>\n<div class=\"et_pb_bottom_inside_divider et-no-transition\"><\/div><\/div>\n\n<div class=\"et_pb_section_1 et_pb_section et_section_regular et_flex_section\"><div class=\"et_pb_row_2 et_pb_row et_flex_row preset--module--divi-row--default\"><div class=\"et_pb_column_3 et_pb_column et-last-child et_grid_column et_pb_css_mix_blend_mode_passthrough et_flex_column_24_24 et_flex_column_24_24_tablet et_flex_column_24_24_phone et_flex_column_24_24_phoneWide et_flex_column_24_24_tabletWide\"><div class=\"et_pb_text_5 et_pb_text et_pb_bg_layout_light et_pb_module et_block_module preset--module--divi-text--7rqaibtxuz\"><div class=\"et_pb_text_inner\"><h2>Mucho m\u00e1s que solo mover las aletas<\/h2>\n<\/div><\/div><div class=\"et_pb_text_6 et_pb_text et_pb_bg_layout_dark et_pb_module et_block_module preset--module--divi-text--3tx68shv89\"><div class=\"et_pb_text_inner\"><p style=\"text-align: justify\">En Ankla Azul, el buceo es mucho m\u00e1s que mover las aletas. Es ense\u00f1anza paciente, seguridad rigurosa y un cuidado genuino por el lugar que llamamos hogar. Como Centro de Formaci\u00f3n de Instructores SSI y Centro SSI Blue Oceans (reconocimiento 2025), combinamos el desarrollo de habilidades con la conciencia oce\u00e1nica\u2014identificaci\u00f3n de peces, trabajo en viveros de coral, educaci\u00f3n comunitaria y apoyo en rescate\u2014para que cada inmersi\u00f3n fortalezca la confianza y el respeto por el Pac\u00edfico salvaje de Bah\u00eda Solano.<\/p>\n<\/div><\/div><\/div><\/div><\/div>","protected":false},"excerpt":{"rendered":"<p>This Privacy Policy explains what data we collect, how we use it, how it\u2019s protected, and your rights as a customer.<\/p>","protected":false},"author":2,"featured_media":375801,"parent":0,"menu_order":0,"comment_status":"closed","ping_status":"closed","template":"","meta":{"footnotes":""},"class_list":["post-5737","page","type-page","status-publish","has-post-thumbnail","hentry"],"_links":{"self":[{"href":"https:\/\/anklaazul.com\/es\/wp-json\/wp\/v2\/pages\/5737","targetHints":{"allow":["GET"]}}],"collection":[{"href":"https:\/\/anklaazul.com\/es\/wp-json\/wp\/v2\/pages"}],"about":[{"href":"https:\/\/anklaazul.com\/es\/wp-json\/wp\/v2\/types\/page"}],"author":[{"embeddable":true,"href":"https:\/\/anklaazul.com\/es\/wp-json\/wp\/v2\/users\/2"}],"replies":[{"embeddable":true,"href":"https:\/\/anklaazul.com\/es\/wp-json\/wp\/v2\/comments?post=5737"}],"version-history":[{"count":0,"href":"https:\/\/anklaazul.com\/es\/wp-json\/wp\/v2\/pages\/5737\/revisions"}],"wp:featuredmedia":[{"embeddable":true,"href":"https:\/\/anklaazul.com\/es\/wp-json\/wp\/v2\/media\/375801"}],"wp:attachment":[{"href":"https:\/\/anklaazul.com\/es\/wp-json\/wp\/v2\/media?parent=5737"}],"curies":[{"name":"wp","href":"https:\/\/api.w.org\/{rel}","templated":true}]}}