{"id":378991,"date":"2025-12-11T23:24:47","date_gmt":"2025-12-12T04:24:47","guid":{"rendered":"https:\/\/anklaazul.com\/?page_id=378991"},"modified":"2025-12-11T23:42:48","modified_gmt":"2025-12-12T04:42:48","slug":"welcome-divers","status":"publish","type":"page","link":"https:\/\/anklaazul.com\/es\/welcome-divers\/","title":{"rendered":"Welcome Divers"},"content":{"rendered":"<div class=\"et_pb_section_0 et_pb_section et_section_regular et_flex_section\">\n<div class=\"et_pb_row_0 et_pb_row et_flex_row preset--module--divi-row--default\">\n<div class=\"et_pb_column_0 et_pb_column et-last-child et_flex_column et_pb_css_mix_blend_mode_passthrough et_flex_column_24_24 et_flex_column_24_24_tablet et_flex_column_24_24_phone et_flex_column_24_24_phoneWide et_flex_column_24_24_tabletWide\">\n<div class=\"et_pb_slider_0 et_pb_slider et_pb_slider_fullwidth_off et_slider_auto et_slider_speed_7000 et_pb_module et_flex_module\"><div class=\"et_pb_slides\">\n<div class=\"et_pb_slide_0 et_pb_slide et_pb_slider_with_overlay et_pb_media_alignment_center et_pb_bg_layout_dark\" data-slide-id=\"divi\/slide-0\"><div class=\"et_pb_slide_overlay_container\"><\/div><div class=\"et_pb_container\"><div class=\"et_pb_slider_container_inner\"><div class=\"et_pb_slide_description et_grid_module\"><h1 class=\"et_pb_slide_title\">\u00a1Choca esos cinco! Hemos recibido tu solicitud.<\/h1><div class=\"et_pb_slide_content\"><p data-path-to-node=\"12\"><b>Nuestro equipo est\u00e1 revisando actualmente el horario y las mareas.<\/b><\/p>\n<\/div>\n<div class=\"et_pb_text_0 et_pb_text et_pb_bg_layout_light et_pb_module et_flex_module preset--module--divi-text--3tx68shv89\"><div class=\"et_pb_text_inner\"><p data-path-to-node=\"13\">Queremos garantizar las mejores condiciones posibles para tu buceo. Recibir\u00e1s un <span style=\"color: #50f736;\"><b>WhatsApp<\/b><\/span> o <span style=\"color: #38b6ff;\"><b>Correo<\/b><\/span> dentro de <span style=\"color: #38b6ff;\"><b>24 horas<\/b><\/span> para confirmar tu reserva y finalizar tu pago<\/p>\n<\/div><\/div>\n\n<div class=\"et_pb_text_1 et_pb_text et_pb_bg_layout_light et_pb_module et_flex_module preset--module--divi-text--3tx68shv89\"><div class=\"et_pb_text_inner\"><p data-path-to-node=\"14\" style=\"text-align: center;\"><span style=\"color: #38b6ff;\">Mientras esperas, aqu\u00ed tienes c\u00f3mo prepararte para tu aventura espec\u00edfica.<\/span><\/p>\n<\/div><\/div>\n\n<div class=\"et_pb_icon_0 et_pb_icon et_animated et_pb_module et_flex_module\" data-interaction-trigger=\"44fh5bbh27\"><span class=\"et_pb_icon_wrap\"><span class=\"et-pb-icon\">7<\/span><\/span><\/div>\n<\/div><\/div><\/div><\/div>\n<\/div><\/div>\n<\/div>\n<\/div>\n<\/div>\n\n<div class=\"et_pb_section_1 et_pb_section et_section_regular et_flex_section et-interaction-target-vbyo632yut\" data-interaction-target=\"vbyo632yut\">\n<div class=\"et_pb_row_1 et_pb_row et_flex_row preset--module--divi-row--default\">\n<div class=\"et_pb_column_1 et_pb_column et-last-child et_flex_column et_pb_css_mix_blend_mode_passthrough et_flex_column_24_24 et_flex_column_24_24_tablet et_flex_column_24_24_phone et_flex_column_24_24_phoneWide et_flex_column_24_24_tabletWide\">\n<div class=\"et_pb_slider_1 et_pb_slider et_pb_slider_fullwidth_off et_slider_auto et_slider_speed_7000 et_pb_module et_flex_module\"><div class=\"et_pb_slides\">\n<div class=\"et_pb_slide_1 et_pb_slide et_pb_slider_with_overlay et_pb_media_alignment_center et_pb_bg_layout_dark\" data-slide-id=\"divi\/slide-1\"><div class=\"et_pb_slide_overlay_container\"><\/div><div class=\"et_pb_container\"><div class=\"et_pb_slider_container_inner\"><div class=\"et_pb_slide_description et_grid_module\"><h1 class=\"et_pb_slide_title\">D\u00f3nde Encontrarnos<\/h1><div class=\"et_pb_slide_content\"><p data-path-to-node=\"12\"><b>Estamos en Mutis, Bah\u00eda Solano.<\/b> Busca la <b>tienda azul pintada con peces<\/b> justo frente al Hotel Costa Choc\u00f3 y al lado del Hotel Bah\u00eda Yubarta.<\/p>\n<\/div>\n<div class=\"et_pb_toggle_0 et_pb_toggle et_pb_toggle_item et_pb_toggle_close et_pb_module et_flex_module\"><h5 class=\"et_pb_toggle_title\">\u23f0 Horarios de encuentro<\/h5><div class=\"et_pb_toggle_content clearfix et_flex_module\"><ul data-path-to-node=\"20\">\n<li>\n<p data-path-to-node=\"20,0,0\" style=\"text-align: left;\"><b>Fun Dives &amp; Cursos:<\/b> 08:00 AM<\/p>\n<\/li>\n<li style=\"text-align: left;\">\n<p data-path-to-node=\"20,1,0\"><b>Try Scuba (Primera vez):<\/b> 07:00 AM<\/p>\n<\/li>\n<li>\n<p data-path-to-node=\"20,2,0\" style=\"text-align: left;\"><b>Buceo Nocturno:<\/b> ~5:30 PM<\/p>\n<\/li>\n<\/ul>\n<\/div><\/div>\n\n<div class=\"et_pb_toggle_1 et_pb_toggle et_pb_toggle_item et_pb_toggle_close et_pb_module et_flex_module\"><h5 class=\"et_pb_toggle_title\">\ud83d\udccdMapa<\/h5><div class=\"et_pb_toggle_content clearfix et_flex_module\"><p><iframe src=\"https:\/\/www.google.com\/maps\/embed?pb=!1m18!1m12!1m3!1d3966.278604695784!2d-77.40942802232182!3d6.226950793761162!2m3!1f0!2f0!3f0!3m2!1i1024!2i768!4f13.1!3m3!1m2!1s0x8e4933dede4ac487%3A0xb086ae08097319bc!2sAnkla%20Azul%20%7C%20Centro%20de%20buceo%20%7C%20Diving%20center%20%F0%9F%A4%BF%20Colombia!5e0!3m2!1sen!2sco!4v1764602978874!5m2!1sen!2sco\" width=\"600\" height=\"450\" style=\"border: 0;\" allowfullscreen=\"\" loading=\"lazy\" referrerpolicy=\"no-referrer-when-downgrade\"><\/iframe><\/p>\n<\/div><\/div>\n\n<div class=\"et_pb_icon_1 et_pb_icon et_animated et_pb_module et_flex_module\" data-interaction-trigger=\"b4ku1psiqf\"><span class=\"et_pb_icon_wrap\"><span class=\"et-pb-icon\">7<\/span><\/span><\/div>\n<\/div><\/div><\/div><\/div>\n<\/div><\/div>\n<\/div>\n<\/div>\n<\/div>\n\n<div class=\"et_pb_section_2 et_pb_section et_section_regular et_flex_section et-interaction-target-le9r3cry6i\" data-interaction-target=\"le9r3cry6i\">\n<div class=\"et_pb_row_2 et_pb_row et_flex_row preset--module--divi-row--default\">\n<div class=\"et_pb_column_2 et_pb_column et-last-child et_flex_column et_pb_css_mix_blend_mode_passthrough et_flex_column_24_24 et_flex_column_24_24_tablet et_flex_column_24_24_phone et_flex_column_24_24_phoneWide et_flex_column_24_24_tabletWide\">\n<div class=\"et_pb_slider_2 et_pb_slider et_pb_slider_fullwidth_off et_slider_auto et_slider_speed_7000 et_pb_module et_flex_module\"><div class=\"et_pb_slides\">\n<div class=\"et_pb_slide_2 et_pb_slide et_pb_slider_with_overlay et_pb_media_alignment_center et_pb_bg_layout_dark\" data-slide-id=\"divi\/slide-2\"><div class=\"et_pb_slide_overlay_container\"><\/div><div class=\"et_pb_container\"><div class=\"et_pb_slider_container_inner\"><div class=\"et_pb_slide_description et_grid_module\"><h1 class=\"et_pb_slide_title\">Prep\u00e1rate para tu viaje<\/h1><div class=\"et_pb_slide_content\"><p data-path-to-node=\"5\"><b>Todo lo que necesitas saber antes de empacar<\/b><\/p>\n<\/div>\n<div class=\"et_pb_toggle_2 et_pb_toggle et_pb_toggle_item et_pb_toggle_close et_pb_module et_flex_module\"><h5 class=\"et_pb_toggle_title\">\ud83c\udf92Qu\u00e9 llevar<\/h5><div class=\"et_pb_toggle_content clearfix et_flex_module\"><ul>\n<li data-path-to-node=\"6,1,0,0\" style=\"text-align: left;\">\u2705 <b>Traje de ba\u00f1o<\/b> (\u00a1Puesto antes de llegar!)<\/li>\n<li data-path-to-node=\"6,1,1,0\" style=\"text-align: left;\">\u2705 <b>Toalla<\/b> y ropa seca<\/li>\n<li data-path-to-node=\"6,1,2,0\" style=\"text-align: left;\">\u2705 <b>Bolsa Seca<\/b> (\u00a1Esencial para los paseos en bote!)<\/li>\n<li data-path-to-node=\"6,1,3,0\" style=\"text-align: left;\">\u2705 <b>Protector solar y sombrero<\/b><\/li>\n<li data-path-to-node=\"6,1,4,0\" style=\"text-align: left;\">\u2705 <b>Medicamentos para el mareo<\/b> (T\u00f3malos 1 hora antes)<\/li>\n<\/ul>\n<\/div><\/div>\n\n<div class=\"et_pb_toggle_3 et_pb_toggle et_pb_toggle_item et_pb_toggle_close et_pb_module et_flex_module\"><h5 class=\"et_pb_toggle_title\">Documentos (Ahorra tiempo)<\/h5><div class=\"et_pb_toggle_content clearfix et_flex_module\"><p style=\"text-align: center;\">Don't waste time at the shop. Sign your forms now.<\/p>\n\n<div class=\"et_pb_module et_pb_button_module_wrapper et_pb_button_0_wrapper preset--module--divi-button--p90tt5zbku_wrapper\"><a class=\"et_pb_button_0 et_pb_button et_pb_bg_layout_light et_pb_module et_block_module preset--module--divi-button--p90tt5zbku\" href=\"https:\/\/anklaazul.com\/es\/liability-waiver\/\" target=\"_blank\" data-icon=\"9\" data-interaction-trigger=\"xqecjy1t3k\">Firmar exenci\u00f3n en l\u00ednea<\/a><\/div>\n<\/div><\/div>\n\n<div class=\"et_pb_toggle_4 et_pb_toggle et_pb_toggle_item et_pb_toggle_close et_pb_module et_flex_module\"><h5 class=\"et_pb_toggle_title\">\ud83d\udcb0 Important: Cash & Payments<\/h5><div class=\"et_pb_toggle_content clearfix et_flex_module\"><ul>\n<li style=\"text-align: left;\"><b>M\u00e9todos:<\/b> Aceptamos efectivo (COP), transferencia bancaria (Bancolombia) y tarjetas de cr\u00e9dito\/enlaces de pago.<\/li>\n<li style=\"text-align: left;\"><b>\u26a0\ufe0f Tarifa importante:<\/b> Ten en cuenta que los pagos realizados mediante <b>tarjeta de cr\u00e9dito o enlace de pago<\/b> tienen un recargo adicional <b>del 15%.<\/b>.<\/li>\n<li style=\"text-align: left;\"><b>Recomendaci\u00f3n:<\/b> Te recomendamos encarecidamente traer <b>efectivo (pesos)<\/b> o usar <b>transferencia bancaria<\/b> para evitar cargos y porque los cajeros del pueblo a menudo se quedan sin dinero.<\/li>\n<\/ul>\n<\/div><\/div>\n\n<div class=\"et_pb_icon_2 et_pb_icon et_animated et_pb_module et_flex_module\" data-interaction-trigger=\"1hq418avcz\"><span class=\"et_pb_icon_wrap\"><span class=\"et-pb-icon\">7<\/span><\/span><\/div>\n<\/div><\/div><\/div><\/div>\n<\/div><\/div>\n<\/div>\n<\/div>\n<\/div>\n\n<div class=\"et_pb_section_3 et_pb_section et_section_regular et_flex_section et-interaction-target-puktj59co3\" data-interaction-target=\"puktj59co3\">\n<div class=\"et_pb_row_3 et_pb_row et_flex_row preset--module--divi-row--default\">\n<div class=\"et_pb_column_3 et_pb_column et-last-child et_flex_column et_pb_css_mix_blend_mode_passthrough et_flex_column_24_24 et_flex_column_24_24_tablet et_flex_column_24_24_phone et_flex_column_24_24_phoneWide et_flex_column_24_24_tabletWide\">\n<div class=\"et_pb_slider_3 et_pb_slider et_pb_slider_fullwidth_off et_slider_auto et_slider_speed_7000 et_pb_module et_flex_module\"><div class=\"et_pb_slides\">\n<div class=\"et_pb_slide_3 et_pb_slide et_pb_slider_with_overlay et_pb_media_alignment_center et_pb_bg_layout_dark\" data-slide-id=\"divi\/slide-3\"><div class=\"et_pb_slide_overlay_container\"><\/div><div class=\"et_pb_container\"><div class=\"et_pb_slider_container_inner\"><div class=\"et_pb_slide_description et_grid_module\"><h1 class=\"et_pb_slide_title\">Conoce a tus vecinos<\/h1><div class=\"et_pb_slide_content\"><p data-path-to-node=\"34\"><b>Don't Wait Until You Dive.<\/b> Bah\u00eda Solano es salvaje. \u00bfSabes como luce un <b>Pez guitarra?<\/b> \u00a1Revisa nuestra biblioteca y dile a tu gu\u00eda qu\u00e9 quieres ver!<\/p>\n<\/div>\n<div class=\"et_pb_image_0 et_pb_image et_pb_module et_flex_module preset--module--divi-image--84d96edb-64d8-4704-8187-9bc27fc04c3a\" data-interaction-trigger=\"qo6npsmd23\"><a href=\"https:\/\/anklaazul.com\/es\/explore\/fish\/\"><span class=\"et_pb_image_wrap\"><img decoding=\"async\" src=\"https:\/\/anklaazul.com\/wp-content\/uploads\/2025\/11\/King-Angelfish-_-Ankla-Azul.jpg\" alt=\"King Angelfish | Ankla Azul\" title=\"Pez \u00c1ngel Rey | Ankla Azul\" width=\"1920\" height=\"1280\" srcset=\"https:\/\/anklaazul.com\/wp-content\/uploads\/2025\/11\/King-Angelfish-_-Ankla-Azul.jpg 1920w, https:\/\/anklaazul.com\/wp-content\/uploads\/2025\/11\/King-Angelfish-_-Ankla-Azul-1280x853.jpg 1280w, https:\/\/anklaazul.com\/wp-content\/uploads\/2025\/11\/King-Angelfish-_-Ankla-Azul-980x653.jpg 980w, https:\/\/anklaazul.com\/wp-content\/uploads\/2025\/11\/King-Angelfish-_-Ankla-Azul-480x320.jpg 480w\" sizes=\"(min-width: 0px) and (max-width: 480px) 480px, (min-width: 481px) and (max-width: 980px) 980px, (min-width: 981px) and (max-width: 1280px) 1280px, (min-width: 1281px) 1920px, 100vw\" class=\"wp-image-377610\" \/><\/span><\/a>\n<div class=\"et_pb_module et_pb_button_module_wrapper et_pb_button_1_wrapper preset--module--divi-button--p90tt5zbku_wrapper\"><a class=\"et_pb_button_1 et_pb_button et_pb_bg_layout_light et_pb_module et_block_module preset--module--divi-button--p90tt5zbku\" href=\"https:\/\/anklaazul.com\/es\/explore\/fish\/\" target=\"_blank\" data-icon=\"9\" data-interaction-trigger=\"xqecjy1t3k\">Explorar biblioteca de peces<\/a><\/div>\n<\/div>\n\n<div class=\"et_pb_text_2 et_pb_text et_pb_bg_layout_light et_pb_module et_flex_module preset--module--divi-text--3tx68shv89\"><div class=\"et_pb_text_inner\"><p data-path-to-node=\"13\" style=\"text-align: center;\">Publicamos historias diarias desde el bote. Prep\u00e1rate y emoci\u00f3nate para tu viaje.<br \/>S\u00edguenos @anklaazul<\/p>\n<\/div><\/div>\n\n<ul class=\"et_pb_social_media_follow_0 et_pb_social_media_follow et_pb_bg_layout_light et_pb_text_align_right et_pb_module et_flex_module\">\n<li class=\"et_pb_social_media_follow_network_0 et_pb_social_media_follow_network et_pb_social_icon et_pb_social_network_link et-social-instagram et_pb_module et_flex_module\"><a href=\"https:\/\/www.instagram.com\/anklaazul\/\" class=\"icon\" target=\"_self\" title=\"Follow on Instagram\" rel=\"noopener\"><span class=\"et_pb_social_media_follow_network_name\">Follow<\/span><\/a><\/li>\n\n<li class=\"et_pb_social_media_follow_network_1 et_pb_social_media_follow_network et_pb_social_icon et_pb_social_network_link et-social-facebook et_pb_module et_flex_module\"><a href=\"https:\/\/www.facebook.com\/anklaazul\" class=\"icon\" target=\"_self\" title=\"Follow on Facebook\" rel=\"noopener\"><span class=\"et_pb_social_media_follow_network_name\">Follow<\/span><\/a><\/li>\n\n<li class=\"et_pb_social_media_follow_network_2 et_pb_social_media_follow_network et_pb_social_icon et_pb_social_network_link et-pb-social-fa-icon et-social-tiktok et_pb_module et_flex_module\"><a href=\"https:\/\/www.tiktok.com\/@anklaazul\" class=\"icon\" target=\"_self\" title=\"Follow on Tiktok\" rel=\"noopener\"><span class=\"et_pb_social_media_follow_network_name\">Follow<\/span><\/a><\/li>\n\n<li class=\"et_pb_social_media_follow_network_3 et_pb_social_media_follow_network et_pb_social_icon et_pb_social_network_link et-social-youtube et_pb_module et_flex_module\"><a href=\"https:\/\/www.youtube.com\/channel\/UC-9a3gRO59HZLPXj9LmVQLw\" class=\"icon\" target=\"_self\" title=\"Follow on Youtube\" rel=\"noopener\"><span class=\"et_pb_social_media_follow_network_name\">Follow<\/span><\/a><\/li>\n<\/ul>\n\n<div class=\"et_pb_icon_3 et_pb_icon et_animated et-interaction-target-jvc15b29b5 et_pb_module et_flex_module\" data-interaction-trigger=\"y5vp2rlbk3\" data-interaction-target=\"jvc15b29b5\"><span class=\"et_pb_icon_wrap\"><span class=\"et-pb-icon\">7<\/span><\/span><\/div>\n<\/div><\/div><\/div><\/div>\n<\/div><\/div>\n<\/div>\n<\/div>\n<\/div>\n\n<div class=\"et_pb_section_4 et_pb_section et_section_regular et_flex_section\">\n<div class=\"et_pb_row_4 et_pb_row et_flex_row preset--module--divi-row--default\">\n<div class=\"et_pb_column_4 et_pb_column et-last-child et_flex_column et_pb_css_mix_blend_mode_passthrough et_flex_column_24_24 et_flex_column_24_24_tablet et_flex_column_24_24_phone et_flex_column_24_24_phoneWide et_flex_column_24_24_tabletWide\">\n<div class=\"et_pb_slider_4 et_pb_slider et_pb_slider_fullwidth_off et_slider_auto et_slider_speed_7000 et_pb_module et_flex_module\"><div class=\"et_pb_slides\">\n<div class=\"et_pb_slide_4 et_pb_slide et_pb_slider_with_overlay et_pb_media_alignment_center et_pb_bg_layout_dark\" data-slide-id=\"divi\/slide-4\"><div class=\"et_pb_slide_overlay_container\"><\/div><div class=\"et_pb_container\"><div class=\"et_pb_slider_container_inner\"><div class=\"et_pb_slide_description et_grid_module\"><h1 class=\"et_pb_slide_title\">Bueno Saberlo<\/h1><div class=\"et_pb_slide_content\"><p data-path-to-node=\"42\"><b>\u2708\ufe0fLa regla de oro:<\/b> <b>No volar entre 18 y 24 horas<\/b> despu\u00e9s de tu \u00faltima inmersi\u00f3n. Por favor, revisa ahora el horario de tu vuelo.<\/p>\n<p data-path-to-node=\"43\"><b>\u2614 \u00bfLluvia?<\/b> \u00a1Buceamos! Los peces ya est\u00e1n mojados. Solo cancelamos por condiciones del mar que no sean seguras.<\/p>\n<\/div><\/div><\/div><\/div><\/div>\n<\/div><\/div>\n\n<div class=\"et_pb_slider_5 et_pb_slider et_pb_slider_fullwidth_off et_slider_auto et_slider_speed_7000 et_pb_module et_flex_module\"><div class=\"et_pb_slides\">\n<div class=\"et_pb_slide_5 et_pb_slide et_pb_slider_with_overlay et_pb_media_alignment_center et_pb_bg_layout_dark\" data-slide-id=\"divi\/slide-5\"><div class=\"et_pb_slide_overlay_container\"><\/div><div class=\"et_pb_container\"><div class=\"et_pb_slider_container_inner\"><div class=\"et_pb_slide_description et_grid_module\"><h1 class=\"et_pb_slide_title\">\u00bfNecesitas cambiar algo?<\/h1><div class=\"et_pb_slide_content\"><p data-path-to-node=\"34\" style=\"text-align: center;\"><b>\u00bfCometiste un error?<\/b> \u00bfReservaste la fecha equivocada, necesitas agregar una c\u00e1mara en alquiler o tienes una pregunta m\u00e9dica espec\u00edfica?<\/p>\n<p data-path-to-node=\"34\" style=\"text-align: center;\">No hay problema. Somos buzos de verdad, no robots.<\/p>\n<\/div>\n<div class=\"et_pb_module et_pb_button_module_wrapper et_pb_button_2_wrapper preset--module--divi-button--w112ovmeye_wrapper\"><a class=\"et_pb_button_2 et_pb_button et_pb_bg_layout_light et_pb_module et_block_module preset--module--divi-button--w112ovmeye\" href=\"https:\/\/wa.me\/573112811079\" data-icon=\"\uf232\" data-interaction-trigger=\"9w3x074d6z\">Chatea en WhatsApp<\/a><\/div>\n<\/div><\/div><\/div><\/div>\n<\/div><\/div>\n<\/div>\n<\/div>\n<\/div>","protected":false},"excerpt":{"rendered":"","protected":false},"author":2,"featured_media":378052,"parent":0,"menu_order":0,"comment_status":"closed","ping_status":"closed","template":"","meta":{"footnotes":""},"class_list":["post-378991","page","type-page","status-publish","has-post-thumbnail","hentry"],"_links":{"self":[{"href":"https:\/\/anklaazul.com\/es\/wp-json\/wp\/v2\/pages\/378991","targetHints":{"allow":["GET"]}}],"collection":[{"href":"https:\/\/anklaazul.com\/es\/wp-json\/wp\/v2\/pages"}],"about":[{"href":"https:\/\/anklaazul.com\/es\/wp-json\/wp\/v2\/types\/page"}],"author":[{"embeddable":true,"href":"https:\/\/anklaazul.com\/es\/wp-json\/wp\/v2\/users\/2"}],"replies":[{"embeddable":true,"href":"https:\/\/anklaazul.com\/es\/wp-json\/wp\/v2\/comments?post=378991"}],"version-history":[{"count":0,"href":"https:\/\/anklaazul.com\/es\/wp-json\/wp\/v2\/pages\/378991\/revisions"}],"wp:featuredmedia":[{"embeddable":true,"href":"https:\/\/anklaazul.com\/es\/wp-json\/wp\/v2\/media\/378052"}],"wp:attachment":[{"href":"https:\/\/anklaazul.com\/es\/wp-json\/wp\/v2\/media?parent=378991"}],"curies":[{"name":"wp","href":"https:\/\/api.w.org\/{rel}","templated":true}]}}